{"id":3,"date":"2022-09-07T07:23:21","date_gmt":"2022-09-07T05:23:21","guid":{"rendered":"https:\/\/www.mistersel.at\/bergundbild\/datenschutzerklaerung\/"},"modified":"2022-09-17T16:14:12","modified_gmt":"2022-09-17T14:14:12","slug":"datenschutzerklaerung","status":"publish","type":"page","link":"https:\/\/www.mistersel.at\/bergundbild\/datenschutzerklaerung\/","title":{"rendered":"Datenschutzerkl\u00e4rung"},"content":{"rendered":"<section  class='av_textblock_section av-l85zjmzz-6f27068766e4abbdff997ea5b1c9e1b8 '   itemscope=\"itemscope\" itemtype=\"https:\/\/schema.org\/CreativeWork\" ><div class='avia_textblock'  itemprop=\"text\" ><p style=\"font-weight: 400;\"><strong>Datenschutzerkl\u00e4rung<\/strong><\/p>\n<p style=\"font-weight: 400;\"><strong>Wer bin ich<br \/>\n<\/strong>Die Adresse der Website ist: https:\/\/www.mistersel.at<br \/>\nDer Inhalt beschr\u00e4nkt sich auf private Berichterstattungen von Bergtouren, Fotos und Reiseberichte OHNE Haftung.<\/p>\n<p style=\"font-weight: 400;\"><strong>Kommentare<br \/>\n<\/strong>Wenn Besucher Kommentare auf der Website schreiben, werden die Daten gesammelt, die im Kommentar-Formular angezeigt werden, au\u00dferdem die IP-Adresse des Besuchers und den User-Agent-String (damit wird der Browser identifiziert), um die Erkennung von Spam zu unterst\u00fctzen.<br \/>\nAus deiner E-Mail-Adresse kann eine anonymisierte Zeichenfolge erstellt (auch Hash genannt) und dem Gravatar-Dienst \u00fcbergeben werden, um zu pr\u00fcfen, ob du diesen benutzt.<\/p>\n<p style=\"font-weight: 400;\"><strong>Medien\/Fotos<br \/>\n<\/strong>Besucher dieser Website d\u00fcrfen Fotos, die auf dieser Website gespeichert sind, nicht herunterladen bzw. an Dritte weitergeben. Alle Rechte liegen ausschlie\u00dflich beim jeweiligen Fotografen (wenn angegeben) bzw. beim Inhaber dieser Internetseite.<\/p>\n<p style=\"font-weight: 400;\"><strong>Cookies<br \/>\n<\/strong>Wenn du einen Kommentar auf unserer Website schreibst, kann das eine Einwilligung sein, deinen Namen, E-Mail-Adresse und Website in Cookies zu speichern. Dies ist eine Komfortfunktion, damit du nicht, wenn du einen weiteren Kommentar schreibst, all diese Daten erneut eingeben musst. Diese Cookies werden ein Jahr lang gespeichert.<\/p>\n<p style=\"font-weight: 400;\"><strong>Eingebettete Inhalte von anderen Websites<br \/>\n<\/strong>Beitr\u00e4ge auf dieser Website k\u00f6nnen eingebettete Inhalte beinhalten (z.\u00a0B. Videos, Bilder, Beitr\u00e4ge etc.). Eingebettete Inhalte von anderen Websites verhalten sich exakt so, als ob der Besucher die andere Website besucht h\u00e4tte.\u00a0Diese Websites k\u00f6nnen Daten \u00fcber dich sammeln, Cookies benutzen, zus\u00e4tzliche Tracking-Dienste von Dritten einbetten und deine Interaktion mit diesem eingebetteten Inhalt aufzeichnen, inklusive deiner Interaktion mit dem eingebetteten Inhalt, falls du ein Konto hast und auf dieser Website angemeldet bist.<\/p>\n<p style=\"font-weight: 400;\"><strong>Wie lange wir deine Daten speichern<br \/>\n<\/strong>Wenn du einen Kommentar schreibst, wird dieser inklusive Metadaten zeitlich unbegrenzt gespeichert. Auf diese Art k\u00f6nnen wir Folgekommentare automatisch erkennen und freigeben, anstatt sie in einer Moderations-Warteschlange festzuhalten.<\/p>\n<p style=\"font-weight: 400;\"><strong>Wohin k\u00f6nnten deine Daten gesendet werden<br \/>\n<\/strong>Besucher-Kommentare k\u00f6nnten von einem automatisierten Dienst zur Spam-Erkennung untersucht werden.<\/p>\n<\/div><\/section>\n","protected":false},"excerpt":{"rendered":"","protected":false},"author":1,"featured_media":0,"parent":0,"menu_order":0,"comment_status":"closed","ping_status":"open","template":"","meta":{"footnotes":""},"class_list":["post-3","page","type-page","status-publish","hentry"],"_links":{"self":[{"href":"https:\/\/www.mistersel.at\/bergundbild\/wp-json\/wp\/v2\/pages\/3","targetHints":{"allow":["GET"]}}],"collection":[{"href":"https:\/\/www.mistersel.at\/bergundbild\/wp-json\/wp\/v2\/pages"}],"about":[{"href":"https:\/\/www.mistersel.at\/bergundbild\/wp-json\/wp\/v2\/types\/page"}],"author":[{"embeddable":true,"href":"https:\/\/www.mistersel.at\/bergundbild\/wp-json\/wp\/v2\/users\/1"}],"replies":[{"embeddable":true,"href":"https:\/\/www.mistersel.at\/bergundbild\/wp-json\/wp\/v2\/comments?post=3"}],"version-history":[{"count":0,"href":"https:\/\/www.mistersel.at\/bergundbild\/wp-json\/wp\/v2\/pages\/3\/revisions"}],"wp:attachment":[{"href":"https:\/\/www.mistersel.at\/bergundbild\/wp-json\/wp\/v2\/media?parent=3"}],"curies":[{"name":"wp","href":"https:\/\/api.w.org\/{rel}","templated":true}]}}